{"id":9,"date":"2017-08-03T11:15:47","date_gmt":"2017-08-03T09:15:47","guid":{"rendered":"https:\/\/www.tdbg.de\/it\/?page_id=9"},"modified":"2020-06-23T12:21:04","modified_gmt":"2020-06-23T10:21:04","slug":"prestazioni","status":"publish","type":"page","link":"https:\/\/www.tdbg.de\/it\/prestazioni\/","title":{"rendered":"Prestazioni"},"content":{"rendered":"<p>Fin dal 1999, anno di fondazione del gruppo TDBG a Kirchheim bei M\u00fcnchen, abbiamo ampliato quella che era una semplice impresa di spedizioni e logistica fino a trasformarla in un\u2019azienda moderna di prestazioni in grado di sviluppare costantemente i servizi offerti. Attualmente, la nostra azienda si occupa di trasporti, reti logistiche e stoccaggio nell\u2019ambito di un gruppo aziendale che vanta 1.400 collaboratori distribuiti su 80 sedi in tutto il mondo. Oltre al trasporto su strada tramite camion, l\u2019esternalizzazione della logistica \u00e8 una delle competenze chiave del gruppo TransmecDeBortoli Group Deutschland GmbH. In quanto partner esterno possiamo personalizzare e ottimizzare i processi logistici dei nostri clienti.<\/p>\n<p>Riusciamo cos\u00ec a fornire soluzioni sicure e innovative per ogni esigenza di trasporto, a prescindere che si tratti di trasporto terrestre, marittimo, fluviale o aereo, e introduciamo nuovi standard nel campo della logistica. Lavoriamo in modo rapido, flessibile e affidabile, garantendo trasporti in tutto il mondo e non limitandoci a realizzazioni standard.<\/p>\n<ul>\n<li>Con la consegna \u201cjust in time\u201d la merce arriva a destinazione con una precisione massima in termini di tempo e di quantit\u00e0. \u00c8 cos\u00ec possibile ridurre al minimo i costi di stoccaggio e di trasporto.<\/li>\n<li>Il nostro sistema \u201c<a title=\"Track and Trace\" href=\"https:\/\/www.tdbg.de\/it\/track-trace\/\">Track &amp; Trace<\/a>\u201d vi permette di seguire la merce durante tutto il trasporto, con una precisione assoluta: il controllo \u00e8 nelle vostre mani<\/li>\n<\/ul>\n<p>&nbsp;<\/p>\n<h2>Assistenza completa per i progetti di trasporto:<\/h2>\n<div class=\"acc\"><button class=\"acc-headline\">Distribuzione nazionale<\/button><div class=\"acc-content\"><ul>\r\n<li>Prenotazione online semplice e flessibile con lo <a href=\"https:\/\/www.tdbg.de\/it\/track-trace\/\" target=\"_blank\" rel=\"noopener\">strumento di prenotazione TDBG<\/a><\/li>\r\n<li><a href=\"https:\/\/www.tdbg.de\/it\/track-trace\/\" target=\"_blank\" rel=\"noopener\">Sistema di tracciamento<\/a> \u201cTrack &amp; Trace\u201d con messaggi di stato e dettagli sulla consegna<\/li>\r\n<li>Spedizione di merce pallettizzata e non<\/li>\r\n<li>Trasporto in tutta la Germania di collettame<\/li>\r\n<li>Controllo delle interfacce tramite scanner<\/li>\r\n<li>Consegna \u201cjust in time\u201d<\/li>\r\n<li>Partenze e tempi di consegna affidabili e vincolanti<\/li>\r\n<li>Collegamento quotidiano con i principali centri economici europei<\/li>\r\n<li>Viaggi speciali<\/li>\r\n<\/ul>\r\n<\/div><\/div>\n<div class=\"acc\"><button class=\"acc-headline\">Approvvigionamento nazionale<\/button><div class=\"acc-content\"><ul>\n<li>Elevata sicurezza di processo per l\u2019approvvigionamento della vostra merce<\/li>\n<li>Consegna \u201cjust in time\u201d<\/li>\n<li>Cargo Express con orari di ritiro e di consegna garantiti<\/li>\n<li>Pallettizzazione<\/li>\n<\/ul>\n<\/div><\/div>\n<div class=\"acc\"><button class=\"acc-headline\">Logistica di magazzino<\/button><div class=\"acc-content\"><p><img loading=\"lazy\" decoding=\"async\" class=\"alignnone wp-image-75 size-large\" src=\"https:\/\/www.tdbg.de\/it\/wp-content\/uploads\/sites\/3\/lagerlogistik-1024x293.jpg\" alt=\"Logistica di magazzino\" width=\"1024\" height=\"293\" srcset=\"https:\/\/www.tdbg.de\/it\/wp-content\/uploads\/sites\/3\/lagerlogistik-1024x293.jpg 1024w, https:\/\/www.tdbg.de\/it\/wp-content\/uploads\/sites\/3\/lagerlogistik-300x86.jpg 300w, https:\/\/www.tdbg.de\/it\/wp-content\/uploads\/sites\/3\/lagerlogistik-768x220.jpg 768w, https:\/\/www.tdbg.de\/it\/wp-content\/uploads\/sites\/3\/lagerlogistik.jpg 1907w\" sizes=\"auto, (max-width: 1024px) 100vw, 1024px\" \/><\/p>\n<ul>\n<li>Migliaia di metri quadri di superficie delle nostre sedi adibiti a magazzino o a punti di distribuzione<\/li>\n<li>Sistemi di sicurezza aggiornati<\/li>\n<li>Progettazioni su misura per le diverse esigenze dei clienti<\/li>\n<li>Immagazzinamento, stoccaggio intermedio e deposito transitorio<\/li>\n<li>Evasione ordini, imballaggio ed etichettatura<\/li>\n<\/ul>\n<\/div><\/div>\n<div class=\"acc\"><button class=\"acc-headline\">Trasporto internazionale su strada<\/button><div class=\"acc-content\"><p><img loading=\"lazy\" decoding=\"async\" class=\"alignnone size-full wp-image-76\" src=\"https:\/\/www.tdbg.de\/it\/wp-content\/uploads\/sites\/3\/leistungen-internationale-landverkehre-karte.jpg\" alt=\"Trasporto internazionale su strada\" width=\"828\" height=\"400\" srcset=\"https:\/\/www.tdbg.de\/it\/wp-content\/uploads\/sites\/3\/leistungen-internationale-landverkehre-karte.jpg 828w, https:\/\/www.tdbg.de\/it\/wp-content\/uploads\/sites\/3\/leistungen-internationale-landverkehre-karte-300x145.jpg 300w, https:\/\/www.tdbg.de\/it\/wp-content\/uploads\/sites\/3\/leistungen-internationale-landverkehre-karte-768x371.jpg 768w\" sizes=\"auto, (max-width: 828px) 100vw, 828px\" \/><\/p>\n<ul>\n<li>Trasporto quotidiano di collettame via camion nei principali centri industriali europei<\/li>\n<li>Trasporto basato sul parco veicoli autonomo o su partner affidabili<\/li>\n<\/ul>\n<hr \/>\n<h3>Rete europea:<\/h3>\n<p><strong>Belgio<\/strong> - Herstal \/\/ <strong>Germania<\/strong> - Monaco - Stoccarda - Wuppertal \/\/ <strong>Francia<\/strong> - Parigi - Lyon - Grenoble \/\/ <strong>Italia<\/strong> - Campogalliano - Milano - Torino - Montebelluna - Triest - Reggio Emilia - Bologna - <strong>Rimini<\/strong> - Prato \/\/ <strong>Polonia<\/strong> - Thychy - Warsaw \/\/ <strong>Romania<\/strong> - Oradea - Bucarest - Timisoara - Brasov - Arad \/\/ <strong>Russia<\/strong> - Mosca \/\/ <strong>Slovenia<\/strong> - Sempeter pri Gorici \/\/ <strong>Spagna<\/strong> - Barcellona - Granada - Madrid \/\/ <strong>Turchia<\/strong> - Istanbul - Mersin \/\/ <strong>Regno Unito<\/strong> - Bradford - Redditch - West Thurrock - Dublino<\/p>\n<h3>Rete mondiale:<\/h3>\n<p><strong>Australia<\/strong> - Sydney - Melbourne \/\/ <strong>Brasile<\/strong> - Sao Paulo \/\/ <strong>Cile<\/strong> - Santiago \/\/ <strong>Cina<\/strong> - Hongkong - Shanghai - Guangzhou \/\/ <strong>India<\/strong> - Mumbai - Neu Delhi - Chennai - Bangalore - Kalkutta - Ahmedabad \/\/ <strong>Giappone<\/strong> - Tokyo - Osaka \/\/ <strong>Per\u00f9<\/strong> - Lima \/\/ <strong>Taiwan<\/strong> - Taipeh \/\/ <strong>USA<\/strong> - New York - Los Angeles - Atlanta - Chicago - Miami \/\/ <strong>Venezuela<\/strong> - Caracas \/\/ <strong>Emirati arabi uniti<\/strong> - Dubai<\/p>\n<\/div><\/div>\n<div class=\"acc\"><button class=\"acc-headline\">Internazionalizzazione<\/button><div class=\"acc-content\"><p><img loading=\"lazy\" decoding=\"async\" class=\"alignnone size-large wp-image-77\" src=\"https:\/\/www.tdbg.de\/it\/wp-content\/uploads\/sites\/3\/logistikloesungen-1024x293.jpg\" alt=\"Internazionalizzazione\" width=\"1024\" height=\"293\" srcset=\"https:\/\/www.tdbg.de\/it\/wp-content\/uploads\/sites\/3\/logistikloesungen-1024x293.jpg 1024w, https:\/\/www.tdbg.de\/it\/wp-content\/uploads\/sites\/3\/logistikloesungen-300x86.jpg 300w, https:\/\/www.tdbg.de\/it\/wp-content\/uploads\/sites\/3\/logistikloesungen-768x220.jpg 768w, https:\/\/www.tdbg.de\/it\/wp-content\/uploads\/sites\/3\/logistikloesungen.jpg 1920w\" sizes=\"auto, (max-width: 1024px) 100vw, 1024px\" \/><\/p>\n<p>Volete espandervi ed entrare sulla scena internazionale? Con noi siete in buone mani, perch\u00e9 TDBG non \u00e8 \u201csolo\u201d un partner di logistica e distribuzione. Offriamo infatti consulenze personalizzate su eventuali possibilit\u00e0 di espansione, elaboriamo un progetto, indichiamo eventuali fattori di rischio e realizziamo soluzioni individuali. Le nostre consulenze coprono i settori del trasporto internazionale, della spedizione marittima, delle operazioni doganali e del trasferimento dei rischi.<\/p>\n<p>Approfittate della nostra esperienza e semplificatevi la vita!<\/p>\n<\/div><\/div>\n<div class=\"acc\"><button class=\"acc-headline\">Trasporto marittimo<\/button><div class=\"acc-content\"><ul>\n<li>Trasporto FCL (Full Container Load) e LCL (Less Container Load)<\/li>\n<li>Stesura di documenti di spedizione<\/li>\n<li>Assistenza per la consegna e per il progetto anche in caso di merce non imballata<\/li>\n<li>Assistenza assicurativa<\/li>\n<\/ul>\n<\/div><\/div>\n<div class=\"acc\"><button class=\"acc-headline\">Trasporto aereo<\/button><div class=\"acc-content\"><ul>\n<li>Assistenza per lo sdoganamento e l\u2019assicurazione<\/li>\n<li>Servizio Express e carico di collettame<\/li>\n<\/ul>\n<\/div><\/div>\n<div class=\"acc\"><button class=\"acc-headline\">Operazioni doganali e Intrastat<\/button><div class=\"acc-content\"><ul>\n<li>Disbrigo di tutte le operazioni doganali<\/li>\n<li>Stesura dei documenti di esportazione<\/li>\n<li>Comunicazioni per la statistica Intrastat<\/li>\n<li>Sdoganamento di vini spumanti<\/li>\n<\/ul>\n<\/div><\/div>\n<div class=\"acc\"><button class=\"acc-headline\">Servizio per lo sport e la moda<\/button><div class=\"acc-content\"><p><img loading=\"lazy\" decoding=\"async\" class=\"alignnone size-large wp-image-78\" src=\"https:\/\/www.tdbg.de\/it\/wp-content\/uploads\/sites\/3\/fashion-1024x293.jpg\" alt=\"Servizio per lo sport e la moda\" width=\"1024\" height=\"293\" srcset=\"https:\/\/www.tdbg.de\/it\/wp-content\/uploads\/sites\/3\/fashion-1024x293.jpg 1024w, https:\/\/www.tdbg.de\/it\/wp-content\/uploads\/sites\/3\/fashion-300x86.jpg 300w, https:\/\/www.tdbg.de\/it\/wp-content\/uploads\/sites\/3\/fashion-768x220.jpg 768w, https:\/\/www.tdbg.de\/it\/wp-content\/uploads\/sites\/3\/fashion.jpg 1907w\" sizes=\"auto, (max-width: 1024px) 100vw, 1024px\" \/><\/p>\n<ul>\n<li>Ritiro della merce direttamente nel luogo di produzione<\/li>\n<li>Trasporto sicuro e soluzioni di imballaggio individuali<\/li>\n<li>Etichettatura, evasione ordini e messa in sicurezza<\/li>\n<li>Stoccaggio in magazzini informatizzati e gestione delle scorte<\/li>\n<li>Dispositivi speciali per merce in sospensione<\/li>\n<li>Consegna \u201cjust in time\u201d<\/li>\n<li>Consegna rapida in tutta la Germania con il servizio Express 24 ore<\/li>\n<\/ul>\n<\/div><\/div>\n","protected":false},"excerpt":{"rendered":"<p>Fin dal 1999, anno di fondazione del gruppo TDBG a Kirchheim bei M\u00fcnchen, abbiamo ampliato quella che era una semplice impresa di spedizioni e logistica fino a trasformarla in un\u2019azienda moderna di prestazioni in grado di sviluppare costantemente i servizi offerti. Attualmente, la nostra azienda si occupa di trasporti, reti logistiche e stoccaggio nell\u2019ambito di [&hellip;]<\/p>\n","protected":false},"author":1,"featured_media":69,"parent":0,"menu_order":1,"comment_status":"closed","ping_status":"closed","template":"","meta":{"_acf_changed":false,"footnotes":""},"class_list":["post-9","page","type-page","status-publish","has-post-thumbnail","hentry"],"acf":[],"aioseo_notices":[],"_links":{"self":[{"href":"https:\/\/www.tdbg.de\/it\/wp-json\/wp\/v2\/pages\/9","targetHints":{"allow":["GET"]}}],"collection":[{"href":"https:\/\/www.tdbg.de\/it\/wp-json\/wp\/v2\/pages"}],"about":[{"href":"https:\/\/www.tdbg.de\/it\/wp-json\/wp\/v2\/types\/page"}],"author":[{"embeddable":true,"href":"https:\/\/www.tdbg.de\/it\/wp-json\/wp\/v2\/users\/1"}],"replies":[{"embeddable":true,"href":"https:\/\/www.tdbg.de\/it\/wp-json\/wp\/v2\/comments?post=9"}],"version-history":[{"count":8,"href":"https:\/\/www.tdbg.de\/it\/wp-json\/wp\/v2\/pages\/9\/revisions"}],"predecessor-version":[{"id":189,"href":"https:\/\/www.tdbg.de\/it\/wp-json\/wp\/v2\/pages\/9\/revisions\/189"}],"wp:featuredmedia":[{"embeddable":true,"href":"https:\/\/www.tdbg.de\/it\/wp-json\/wp\/v2\/media\/69"}],"wp:attachment":[{"href":"https:\/\/www.tdbg.de\/it\/wp-json\/wp\/v2\/media?parent=9"}],"curies":[{"name":"wp","href":"https:\/\/api.w.org\/{rel}","templated":true}]}}